{"id":7452,"date":"2022-02-08T10:49:54","date_gmt":"2022-02-08T09:49:54","guid":{"rendered":"https:\/\/www.mathdoc.fr\/legal-notices\/"},"modified":"2025-08-28T13:49:13","modified_gmt":"2025-08-28T11:49:13","slug":"legal-notices","status":"publish","type":"page","link":"https:\/\/www.mathdoc.fr\/en\/legal-notices\/","title":{"rendered":"Legal Notices"},"content":{"rendered":"\t\t<div data-elementor-type=\"wp-page\" data-elementor-id=\"7452\" class=\"elementor elementor-7452 elementor-27\" data-elementor-post-type=\"page\">\n\t\t\t\t\t\t<section class=\"elementor-section elementor-top-section elementor-element elementor-element-7ac5611 elementor-section-boxed elementor-section-height-default elementor-section-height-default\" data-id=\"7ac5611\" data-element_type=\"section\" data-e-type=\"section\">\n\t\t\t\t\t\t<div class=\"elementor-container elementor-column-gap-default\">\n\t\t\t\t\t<div class=\"elementor-column elementor-col-100 elementor-top-column elementor-element elementor-element-e1068d4\" data-id=\"e1068d4\" data-element_type=\"column\" data-e-type=\"column\">\n\t\t\t<div class=\"elementor-widget-wrap elementor-element-populated\">\n\t\t\t\t\t\t<div class=\"elementor-element elementor-element-cd21baa elementor-widget__width-initial elementor-widget-tablet__width-inherit elementor-widget elementor-widget-heading\" data-id=\"cd21baa\" data-element_type=\"widget\" data-e-type=\"widget\" data-widget_type=\"heading.default\">\n\t\t\t\t<div class=\"elementor-widget-container\">\n\t\t\t\t\t<h1 class=\"elementor-heading-title elementor-size-default\">Legal Notices<\/h1>\t\t\t\t<\/div>\n\t\t\t\t<\/div>\n\t\t\t\t\t<\/div>\n\t\t<\/div>\n\t\t\t\t\t<\/div>\n\t\t<\/section>\n\t\t\t\t<section class=\"elementor-section elementor-top-section elementor-element elementor-element-03ce9e0 elementor-section-boxed elementor-section-height-default elementor-section-height-default\" data-id=\"03ce9e0\" data-element_type=\"section\" data-e-type=\"section\">\n\t\t\t\t\t\t<div class=\"elementor-container elementor-column-gap-default\">\n\t\t\t\t\t<div class=\"elementor-column elementor-col-100 elementor-top-column elementor-element elementor-element-e828b64\" data-id=\"e828b64\" data-element_type=\"column\" data-e-type=\"column\">\n\t\t\t<div class=\"elementor-widget-wrap elementor-element-populated\">\n\t\t\t\t\t\t<div class=\"elementor-element elementor-element-fd1c802 elementor-widget elementor-widget-image\" data-id=\"fd1c802\" data-element_type=\"widget\" data-e-type=\"widget\" data-widget_type=\"image.default\">\n\t\t\t\t<div class=\"elementor-widget-container\">\n\t\t\t\t\t\t\t\t\t\t\t\t\t\t\t<img fetchpriority=\"high\" decoding=\"async\" width=\"1920\" height=\"344\" src=\"https:\/\/www.mathdoc.fr\/wp-content\/uploads\/mathdoc-cellule-coordination-documentaire-math-contact-3-1.jpg\" class=\"attachment-full size-full wp-image-6773\" alt=\"\" srcset=\"https:\/\/www.mathdoc.fr\/wp-content\/uploads\/mathdoc-cellule-coordination-documentaire-math-contact-3-1.jpg 1920w, https:\/\/www.mathdoc.fr\/wp-content\/uploads\/mathdoc-cellule-coordination-documentaire-math-contact-3-1-300x54.jpg 300w, https:\/\/www.mathdoc.fr\/wp-content\/uploads\/mathdoc-cellule-coordination-documentaire-math-contact-3-1-1024x183.jpg 1024w, https:\/\/www.mathdoc.fr\/wp-content\/uploads\/mathdoc-cellule-coordination-documentaire-math-contact-3-1-768x138.jpg 768w, https:\/\/www.mathdoc.fr\/wp-content\/uploads\/mathdoc-cellule-coordination-documentaire-math-contact-3-1-1536x275.jpg 1536w\" sizes=\"(max-width: 1920px) 100vw, 1920px\" \/>\t\t\t\t\t\t\t\t\t\t\t\t\t\t\t<\/div>\n\t\t\t\t<\/div>\n\t\t\t\t\t<\/div>\n\t\t<\/div>\n\t\t\t\t\t<\/div>\n\t\t<\/section>\n\t\t\t\t<section class=\"elementor-section elementor-top-section elementor-element elementor-element-7dc26edf elementor-section-boxed elementor-section-height-default elementor-section-height-default\" data-id=\"7dc26edf\" data-element_type=\"section\" data-e-type=\"section\">\n\t\t\t\t\t\t<div class=\"elementor-container elementor-column-gap-default\">\n\t\t\t\t\t<div class=\"elementor-column elementor-col-100 elementor-top-column elementor-element elementor-element-46c615a9\" data-id=\"46c615a9\" data-element_type=\"column\" data-e-type=\"column\">\n\t\t\t<div class=\"elementor-widget-wrap elementor-element-populated\">\n\t\t\t\t\t\t<div class=\"elementor-element elementor-element-53a01618 elementor-widget elementor-widget-text-editor\" data-id=\"53a01618\" data-element_type=\"widget\" data-e-type=\"widget\" data-widget_type=\"text-editor.default\">\n\t\t\t\t<div class=\"elementor-widget-container\">\n\t\t\t\t\t\t\t\t\t<h2>Publisher<\/h2><p><strong>Mathdoc \u2013 Support and Research Unit 5638<\/strong><br \/>Centre National de la Recherche Scientifique \/ Universit\u00e9 Grenoble Alpes<\/p><p>B\u00e2timent CETA<br \/>Domaine Universitaire de Saint-Martin d&#8217;H\u00e8res<br \/>150, rue de la Chimie<br \/>CS 40700<br \/>38058 Grenoble Cedex 9<br \/>France<\/p><p><a href=\"mailto:accueil@listes.mathdoc.fr\" target=\"_blank\" rel=\"noopener\">accueil@listes.mathdoc.fr<\/a><\/p><p>Phone: <a href=\"tel:0033457041117\">+ 33 4 57 04 11 17<\/a><\/p><p><strong>Publishing Director<\/strong>: Antoine Petit<\/p><p><strong>Editor<\/strong>: Evelyne Miot<\/p><h2>\u00a0<\/h2><h2>Host<\/h2><p><strong>GRICAD &#8211; Support and Research Unit 3758<\/strong><\/p><p>B\u00e2timent IMAG<br \/>Domaine Universitaire de Saint-Martin d&#8217;H\u00e8res<br \/>700, Avenue Centrale<br \/>38400 Saint-Martin-d\u2019H\u00e8res<\/p><p><a href=\"mailto:gricad-contact@univ-grenoble-alpes.fr\" target=\"_blank\" rel=\"noopener\">gricad-contact@univ-grenoble-alpes.fr<\/a><\/p><p>Phone: <a href=\"tel:0033457421854\">+ 33 4 57 42 18 54<\/a><\/p><h2>\u00a0<\/h2><h2>Technical and graphic website design<\/h2><p><a href=\"https:\/\/aldigirolamo.fr\" target=\"_blank\" rel=\"noopener\" data-type=\"URL\" data-id=\"https:\/\/aldigirolamo.fr\">Al Di Girolamo<\/a><\/p><ul><li>Website created with WordPress CMS<\/li><li>Creation of the personalised web identity<\/li><li>Creation of the layout for 17 of the website\u2019s pages<\/li><\/ul><p>\u00a0<\/p><p><a href=\"https:\/\/fr.pinterest.com\/mea1717\/\" target=\"_blank\" rel=\"noopener\">Mea Images<\/a> and <a href=\"https:\/\/stock.adobe.com\/fr\/contributor\/207571188\/eigens?load_type=author&amp;prev_url=detail\" target=\"_blank\" rel=\"noopener\">Eigens<\/a><br \/>Web banner illustration<\/p><h2>\u00a0<\/h2><h2>Intellectual property<\/h2><p>The Mathdoc website is a creative work and is the exclusive property of the Mathdoc supervisory institutions, protected by French and international legislation on intellectual property law. No reproduction or representation may be made in violation of the rights of the Mathdoc\u2019s supervisory institution arising from the above legislation.<\/p><p>The content and texts, including videos and images, that appear or are available on the website, are also protected by intellectual property law.<\/p><p>Any use, adaptation, extraction, copying, translation, reproduction, sale, publication, exploitation or dissemination of this website\u2019s content without prior authorisation is prohibited, except as permitted by the license applicable to the content and unless legal exceptions exist.<\/p><p>The CNRS sign, the words \u201cCentre National de la Recherche Scientifique\u201d and the logo are registered as trademarks. In this context, it is forbidden to refer to CNRS corporate names or trademarks for any purpose whatsoever without receiving prior express written permission from CNRS.<\/p><p>Universit\u00e9 Grenoble Alpes (UGA) logos are available for free download. However, the use of the logo must correspond to a quote from the institution in a press article or an event in which UGA is involved. The use of logos must never damage the <a href=\"https:\/\/www.univ-grenoble-alpes.fr\/informations-legales\/mentions-legales\/\">brand image of the institution<\/a>. Offenders will be liable to prosecution.<\/p><p>It is also forbidden to refer to Mathdoc\u2019s name and logo without receiving prior authorisation from Mathdoc\u2019s supervisory institutions.<\/p><h2>\u00a0<\/h2><h2>Hyperlinks<\/h2><p>The Mathdoc website links to many other sites, mainly the websites of public bodies (centre Mersenne, CFP, Portail Math, EuDML) and the websites of its <a href=\"https:\/\/www.mathdoc.fr\/partenaires\/\">partners<\/a> (scientific publishers, libraries and IST operators, digital services). Mathdoc and\/or its supervisory institutions cannot be held responsible for the content of such websites, pages or documents.<\/p>\t\t\t\t\t\t\t\t<\/div>\n\t\t\t\t<\/div>\n\t\t\t\t\t<\/div>\n\t\t<\/div>\n\t\t\t\t\t<\/div>\n\t\t<\/section>\n\t\t\t\t<\/div>\n\t\t","protected":false},"excerpt":{"rendered":"<p>Legal Notices Publisher Mathdoc \u2013 Support and Research Unit 5638Centre National de la Recherche Scientifique \/ Universit\u00e9 Grenoble Alpes B\u00e2timent CETADomaine Universitaire de Saint-Martin d&#8217;H\u00e8res150, rue de la ChimieCS 4070038058 Grenoble Cedex 9France accueil@listes.mathdoc.fr Phone: + 33 4 57 04 11 17 Publishing Director: Antoine Petit Editor: Evelyne Miot \u00a0 Host GRICAD &#8211; Support and [&hellip;]<\/p>\n","protected":false},"author":1,"featured_media":0,"parent":0,"menu_order":0,"comment_status":"closed","ping_status":"closed","template":"","meta":{"_acf_changed":false,"_seopress_robots_primary_cat":"","_seopress_titles_title":"","_seopress_titles_desc":"","_seopress_robots_index":"yes","footnotes":""},"class_list":["post-7452","page","type-page","status-publish"],"acf":[],"_links":{"self":[{"href":"https:\/\/www.mathdoc.fr\/en\/wp-json\/wp\/v2\/pages\/7452","targetHints":{"allow":["GET"]}}],"collection":[{"href":"https:\/\/www.mathdoc.fr\/en\/wp-json\/wp\/v2\/pages"}],"about":[{"href":"https:\/\/www.mathdoc.fr\/en\/wp-json\/wp\/v2\/types\/page"}],"author":[{"embeddable":true,"href":"https:\/\/www.mathdoc.fr\/en\/wp-json\/wp\/v2\/users\/1"}],"replies":[{"embeddable":true,"href":"https:\/\/www.mathdoc.fr\/en\/wp-json\/wp\/v2\/comments?post=7452"}],"version-history":[{"count":5,"href":"https:\/\/www.mathdoc.fr\/en\/wp-json\/wp\/v2\/pages\/7452\/revisions"}],"predecessor-version":[{"id":10963,"href":"https:\/\/www.mathdoc.fr\/en\/wp-json\/wp\/v2\/pages\/7452\/revisions\/10963"}],"wp:attachment":[{"href":"https:\/\/www.mathdoc.fr\/en\/wp-json\/wp\/v2\/media?parent=7452"}],"curies":[{"name":"wp","href":"https:\/\/api.w.org\/{rel}","templated":true}]}}